{"id":1100,"date":"2020-05-03T12:46:30","date_gmt":"2020-05-03T12:46:30","guid":{"rendered":"http:\/\/www.nachhilfe-bezner.de\/?page_id=1100"},"modified":"2020-09-14T10:44:39","modified_gmt":"2020-09-14T10:44:39","slug":"erklaervideos","status":"publish","type":"page","link":"http:\/\/www.nachhilfe-bezner.de\/?page_id=1100","title":{"rendered":"Erkl\u00e4rvideos"},"content":{"rendered":"<div id=\"dslc-theme-content\"><div id=\"dslc-theme-content-inner\"><p><span style=\"font-family: 'Arial',sans-serif;\">Wir haben geplant, zu vielen Inhalten der F\u00e4cher Mathematik, Physik und Chemie Erkl\u00e4rvideos zu erstellen. Diese sind nur als Erg\u00e4nzung gedacht und ersetzen <span style=\"color: red;\">nicht<\/span> den Nachhilfeunterricht, indem alle Themen besser erkl\u00e4rt und Fragen leichter beantwortet werden k\u00f6nnen. Sie ersetzen vor allem <span style=\"color: red;\">nicht<\/span> das <span style=\"color: red;\">regelm\u00e4\u00dfige<\/span> <span style=\"color: red;\">\u00dcben<\/span> dieser Themen.<\/span><\/p>\n<p><span style=\"font-family: 'Arial',sans-serif;\">Erste Beispiele sind auf unsrer <a href=\"https:\/\/www.youtube.com\/channel\/UCtAXP8UvtQ_53ZYGKxltFUA\">YouTube-Seite<\/a> zu finden, einfach <a href=\"https:\/\/www.youtube.com\/channel\/UCtAXP8UvtQ_53ZYGKxltFUA\">hier klicken<\/a>.<br \/><\/span><\/p>\n<p><span style=\"font-family: 'Arial',sans-serif;\">Bei Interesse an solchen Videos kontaktieren Sie uns gerne. Wir halten Sie \u00fcber den Stand am laufenden.<\/span><\/p>\n\n\n<p><\/p>\n<\/div><\/div>","protected":false},"excerpt":{"rendered":"<p>Wir haben geplant, zu vielen Inhalten der F\u00e4cher Mathematik, Physik und Chemie Erkl\u00e4rvideos zu erstellen. Diese sind nur als Erg\u00e4nzung gedacht und ersetzen nicht den Nachhilfeunterricht, indem alle Themen besser erkl\u00e4rt und Fragen leichter beantwortet werden k\u00f6nnen. Sie ersetzen vor <a href=\"http:\/\/www.nachhilfe-bezner.de\/?page_id=1100\" class=\"read-more\">Read More ...<\/a><\/p>\n","protected":false},"author":1,"featured_media":0,"parent":0,"menu_order":0,"comment_status":"closed","ping_status":"closed","template":"","meta":{"footnotes":""},"class_list":["post-1100","page","type-page","status-publish","hentry"],"_links":{"self":[{"href":"http:\/\/www.nachhilfe-bezner.de\/index.php?rest_route=\/wp\/v2\/pages\/1100","targetHints":{"allow":["GET"]}}],"collection":[{"href":"http:\/\/www.nachhilfe-bezner.de\/index.php?rest_route=\/wp\/v2\/pages"}],"about":[{"href":"http:\/\/www.nachhilfe-bezner.de\/index.php?rest_route=\/wp\/v2\/types\/page"}],"author":[{"embeddable":true,"href":"http:\/\/www.nachhilfe-bezner.de\/index.php?rest_route=\/wp\/v2\/users\/1"}],"replies":[{"embeddable":true,"href":"http:\/\/www.nachhilfe-bezner.de\/index.php?rest_route=%2Fwp%2Fv2%2Fcomments&post=1100"}],"version-history":[{"count":9,"href":"http:\/\/www.nachhilfe-bezner.de\/index.php?rest_route=\/wp\/v2\/pages\/1100\/revisions"}],"predecessor-version":[{"id":1130,"href":"http:\/\/www.nachhilfe-bezner.de\/index.php?rest_route=\/wp\/v2\/pages\/1100\/revisions\/1130"}],"wp:attachment":[{"href":"http:\/\/www.nachhilfe-bezner.de\/index.php?rest_route=%2Fwp%2Fv2%2Fmedia&parent=1100"}],"curies":[{"name":"wp","href":"https:\/\/api.w.org\/{rel}","templated":true}]}}