{"id":13,"date":"2016-07-29T15:21:28","date_gmt":"2016-07-29T15:21:28","guid":{"rendered":"http:\/\/nachhilfe-bezner.de\/?page_id=13"},"modified":"2022-01-18T18:39:13","modified_gmt":"2022-01-18T18:39:13","slug":"haetten-sie-es-gewusst","status":"publish","type":"page","link":"http:\/\/www.nachhilfe-bezner.de\/?page_id=13","title":{"rendered":"H\u00e4tten Sie es gewusst?"},"content":{"rendered":"<div id=\"dslc-theme-content\"><div id=\"dslc-theme-content-inner\"><p class=\"font_6\" style=\"text-align: justify;\"><span class=\"color_19\" style=\"font-size: 12pt; font-family: arial, helvetica, sans-serif;\">Diese Seite soll dazu dienen, einen Eindruck \u00fcber <span style=\"color: #ff6600;\">Lehrinhalte<\/span> in der Nachhilfe zu vermitteln. Wir sind gespannt, ob Sie mit <strong>Ihrem<\/strong> Allgemein- und Fachwissen die Antworten auf die Fragen kennen. Es soll vor allem auch verdeutlich, dass es auch im mathematisch-naturwissenschaftlichen Bereich verschiedene Sichtweisen gibt.<\/span><\/p>\n<h3 class=\"font_6\"><span style=\"font-size: 16pt; font-family: arial, helvetica, sans-serif;\">Richtig oder falsch?<\/span><\/h3>\n<p class=\"font7\" style=\"text-align: justify; line-height: 15.6pt;\"><span class=\"css1compat\" style=\"font-size: 14pt; font-family: arial, helvetica, sans-serif;\">1) Stoffe kommen in <strong>drei<\/strong> Aggregatszust\u00e4nden vor: fest, fl\u00fcssig, gasf\u00f6rmig.<\/span><\/p>\n<p class=\"font7\" style=\"line-height: 15.6pt;\"><span style=\"font-family: arial, helvetica, sans-serif;\"><code><a class=\"spoiler_link_show\" href=\"javascript:void(0)\" onclick=\"wpSpoilerToggle(document.getElementById('id1752330670'), this, 'Zum Zeigen hier klicken', 'Verbergen')\">Zum Zeigen hier klicken<\/a>\n<div class=\"spoiler_div\" id=\"id1752330670\" style=\"display:none\"><\/code><\/span><\/p>\n<p class=\"font7\" style=\"line-height: 15.6pt; text-align: justify;\"><span style=\"font-size: 12pt; font-family: arial, helvetica, sans-serif;\">F\u00fcr die meisten Stoffe, wie <strong>Wasser<\/strong>, ist dies nat\u00fcrlich richtig. Es gibt aber Stoffe,\u00a0 <span style=\"color: #ff6600;\">Fl\u00fcssigkristalle<\/span> genannt, bei denen das anders ist (Samuel Bezners Promotionsthema) : Diese vereinen wie ein 4. Aggregatszustand Eigenschaften von Feststoffen und Fl\u00fcssigkeiten, wie der Name sagt. Sie werden in der Display-Technologie (LCD, TFT) eingesetzt. Au\u00dferdem sind sie eine wichtige <b>Grundlage des Lebens<\/b>, denn die Zellmembranen und die DNS \/ DNA sind fl\u00fcssigkristallin.<\/span><\/p>\n<p class=\"font7\" style=\"line-height: 15.6pt;\"><span style=\"font-family: arial, helvetica, sans-serif;\"><code><\/div>\n<\/code><\/span><\/p>\n<p class=\"font7\" style=\"text-align: justify; line-height: 15.6pt;\"><span class=\"css1compat\" style=\"font-size: 14pt; font-family: arial, helvetica, sans-serif;\">2) Sie sitzen gerade gem\u00fctlich auf einem Stuhl vor dem PC und bewegen sich <strong>kaum<\/strong>.<\/span><\/p>\n<p class=\"font7\" style=\"line-height: 15.6pt;\"><span style=\"font-family: arial, helvetica, sans-serif;\"><code><a class=\"spoiler_link_show\" href=\"javascript:void(0)\" onclick=\"wpSpoilerToggle(document.getElementById('id12923388'), this, 'Zum Zeigen hier klicken', 'Verbergen')\">Zum Zeigen hier klicken<\/a>\n<div class=\"spoiler_div\" id=\"id12923388\" style=\"display:none\"><\/code><\/span><\/p>\n<p class=\"font7\" style=\"line-height: 15.6pt; text-align: justify;\"><span style=\"font-size: 12pt; font-family: arial, helvetica, sans-serif;\">Auch dies stimmt nur aus einem gewissen Blickwinkel. Diese Beobachtung ist von der <strong>Erde<\/strong> aus v\u00f6llig richtig. Jemand, der sie gerade vom <strong>Weltall<\/strong> aus beobachtet, w\u00fcrde aber was <strong>v\u00f6llig anderes<\/strong> schildern: n\u00e4mlich dass Sie sich aufgrund der <span style=\"color: #ff9900;\">Erdrotation<\/span>, je nach Aufenthaltsort, mit einer Geschwindigkeit von bis zu <b>1670 km\/h<\/b> schnell bewegen. Dies ist \u00e4hnlich, wie Sie in einem Zug das Gef\u00fchl haben, die <strong>Landschaft<\/strong> bewegt sich, nicht der Zug. Aus Sicht der Mathematik bzw. Naturwissenschaft sind aber interessanterweise beide Sichtweisen richtig (Schlagwort rotierendes Koordinatensystem).<\/span><\/p>\n<p class=\"font7\" style=\"line-height: 15.6pt;\"><span style=\"font-family: arial, helvetica, sans-serif;\"><code><\/div>\n<\/code><\/span><\/p>\n<p class=\"font7\" style=\"text-align: justify; line-height: 15.6pt;\"><span class=\"css1compat\" style=\"font-size: 14pt; font-family: arial, helvetica, sans-serif;\">3) Die Sterne am Himmel sind <strong>unz\u00e4hlbar<\/strong>.<br \/>\n<\/span><\/p>\n<p class=\"font7\" style=\"line-height: 15.6pt;\"><span style=\"font-family: arial, helvetica, sans-serif;\"><code><a class=\"spoiler_link_show\" href=\"javascript:void(0)\" onclick=\"wpSpoilerToggle(document.getElementById('id1490140365'), this, 'Zum Zeigen hier klicken', 'Verbergen')\">Zum Zeigen hier klicken<\/a>\n<div class=\"spoiler_div\" id=\"id1490140365\" style=\"display:none\"><\/code><\/span><\/p>\n<p class=\"font7\" style=\"line-height: 15.6pt; text-align: justify;\"><span style=\"font-size: 12pt; font-family: arial, helvetica, sans-serif;\">Das h\u00e4ngt davon ab, welche Hilfsmittel Sie zur Verf\u00fcgung haben. Bei uns auf der Nordhalbkugel sind prinzipiell eh nur etwa die H\u00e4lfte aller Sterne zu sehen. Mit blo\u00dfem Auge kann man nur etwa 3000 Sterne erkennen \/ z\u00e4hlen, da die meisten anderen viel zu weit weg und daher zu <span style=\"color: #ff0000;\">dunkel<\/span> sind. Diese kann man aber mit <span style=\"color: #ff6600;\">Hilfsmitteln<\/span> wie einem Fernrohr oder einem Teleskop sichtbar machen. Sch\u00e4tzungen zufolge kann man bis zu etwa 10 Trilliarden (!) Sterne finden.<br \/>\n<\/span><\/p>\n<p class=\"font7\" style=\"line-height: 15.6pt;\"><span style=\"font-family: arial, helvetica, sans-serif;\"><code><\/div>\n<\/code><\/span><\/p>\n<p class=\"font7\" style=\"line-height: 15.6pt;\"><span class=\"css1compat\" style=\"font-size: 14pt; font-family: arial, helvetica, sans-serif;\">4) Ein Stein f\u00e4llt <strong>schneller<\/strong> zu Boden als eine Feder.<br \/>\n<\/span><\/p>\n<p class=\"font7\" style=\"line-height: 15.6pt;\"><span style=\"font-family: arial, helvetica, sans-serif;\"><code><a class=\"spoiler_link_show\" href=\"javascript:void(0)\" onclick=\"wpSpoilerToggle(document.getElementById('id46372171'), this, 'Zum Zeigen hier klicken', 'Verbergen')\">Zum Zeigen hier klicken<\/a>\n<div class=\"spoiler_div\" id=\"id46372171\" style=\"display:none\"><\/code><\/span><\/p>\n<p class=\"font7\" style=\"line-height: 15.6pt; text-align: justify;\"><span style=\"font-size: 12pt; font-family: arial, helvetica, sans-serif;\">Bei normaler Atmosph\u00e4re stimmt diese Beobachtung. F\u00fchrt man das Experiment aber im <span style=\"color: #ff6600;\">luftleeren Raum<\/span> (Vakuum) durch, so fallen beide gleich schnell zu Boden, da die Anziehung dort unabh\u00e4ngig von der Masse des K\u00f6rpers ist (sogenannter Freier Fall).<br \/>\n<\/span><\/p>\n<p class=\"font7\" style=\"line-height: 15.6pt;\"><span style=\"font-family: arial, helvetica, sans-serif;\"><code><\/div>\n<\/code><\/span><\/p>\n<p class=\"font7\" style=\"text-align: justify; line-height: 15.6pt;\"><span class=\"css1compat\" style=\"font-size: 14pt; font-family: arial, helvetica, sans-serif;\">5) Metalle sind <strong>kommunistisch<\/strong>, Wasser <strong>sozialistisch<\/strong>, Salze <strong>kapitalistisch<\/strong>?!?<\/span><\/p>\n<p class=\"font7\" style=\"line-height: 15.6pt;\"><span style=\"font-family: arial, helvetica, sans-serif;\"><code><a class=\"spoiler_link_show\" href=\"javascript:void(0)\" onclick=\"wpSpoilerToggle(document.getElementById('id1910350806'), this, 'Zum Zeigen hier klicken', 'Verbergen')\">Zum Zeigen hier klicken<\/a>\n<div class=\"spoiler_div\" id=\"id1910350806\" style=\"display:none\"><\/code><\/span><\/p>\n<p class=\"font7\" style=\"line-height: 15.6pt; text-align: justify;\"><span style=\"font-size: 12pt; font-family: arial, helvetica, sans-serif;\">Nat\u00fcrlich sind dies nur <b>Bilder <\/b>(Metaphern), um den Aufbau von <b>Metallen,\u00a0<\/b> sogenannten <b>Dipolen<\/b> (wie <strong>Wasser<\/strong>) und <strong>Salzen<\/strong> besser zu veranschaulichen und zu merken. Sie sollen auch keine Wertung der politischen Ideologien sein, aber sie veranschaulichen den Aufbau und erkl\u00e4ren die typischen Eigenschaften dieser Stoffe. Verstehen Sie nicht!? Buchen Sie doch eine <span style=\"color: #ff9900;\"><b>Kennenlernstunde<\/b><\/span>.<\/span><\/p>\n<p class=\"font7\" style=\"line-height: 15.6pt;\"><span style=\"font-family: arial, helvetica, sans-serif;\"><code><\/div>\n<\/code><\/span><\/p>\n<p class=\"font7\" style=\"line-height: 15.6pt;\"><span style=\"font-size: 12pt;\"><span style=\"font-family: arial, helvetica, sans-serif;\">Weitere Beispiele folgen...<\/span><br \/>\n<\/span><\/p>\n<\/div><\/div>","protected":false},"excerpt":{"rendered":"<p>Diese Seite soll dazu dienen, einen Eindruck \u00fcber Lehrinhalte in der Nachhilfe zu vermitteln. Wir sind gespannt, ob Sie mit Ihrem Allgemein- und Fachwissen die Antworten auf die Fragen kennen. Es soll vor allem auch verdeutlich, dass es auch im <a href=\"http:\/\/www.nachhilfe-bezner.de\/?page_id=13\" class=\"read-more\">Read More ...<\/a><\/p>\n","protected":false},"author":1,"featured_media":0,"parent":0,"menu_order":0,"comment_status":"closed","ping_status":"closed","template":"","meta":{"footnotes":""},"class_list":["post-13","page","type-page","status-publish","hentry"],"_links":{"self":[{"href":"http:\/\/www.nachhilfe-bezner.de\/index.php?rest_route=\/wp\/v2\/pages\/13","targetHints":{"allow":["GET"]}}],"collection":[{"href":"http:\/\/www.nachhilfe-bezner.de\/index.php?rest_route=\/wp\/v2\/pages"}],"about":[{"href":"http:\/\/www.nachhilfe-bezner.de\/index.php?rest_route=\/wp\/v2\/types\/page"}],"author":[{"embeddable":true,"href":"http:\/\/www.nachhilfe-bezner.de\/index.php?rest_route=\/wp\/v2\/users\/1"}],"replies":[{"embeddable":true,"href":"http:\/\/www.nachhilfe-bezner.de\/index.php?rest_route=%2Fwp%2Fv2%2Fcomments&post=13"}],"version-history":[{"count":62,"href":"http:\/\/www.nachhilfe-bezner.de\/index.php?rest_route=\/wp\/v2\/pages\/13\/revisions"}],"predecessor-version":[{"id":1181,"href":"http:\/\/www.nachhilfe-bezner.de\/index.php?rest_route=\/wp\/v2\/pages\/13\/revisions\/1181"}],"wp:attachment":[{"href":"http:\/\/www.nachhilfe-bezner.de\/index.php?rest_route=%2Fwp%2Fv2%2Fmedia&parent=13"}],"curies":[{"name":"wp","href":"https:\/\/api.w.org\/{rel}","templated":true}]}}