{"id":216,"date":"2016-08-01T18:24:58","date_gmt":"2016-08-01T18:24:58","guid":{"rendered":"http:\/\/nachhilfe-bezner.de\/?page_id=216"},"modified":"2019-11-14T14:18:36","modified_gmt":"2019-11-14T14:18:36","slug":"kontaktformular","status":"publish","type":"page","link":"http:\/\/www.nachhilfe-bezner.de\/?page_id=216","title":{"rendered":"Kontakt"},"content":{"rendered":"<div id=\"dslc-theme-content\"><div id=\"dslc-theme-content-inner\"><p><span style=\"font-size: 12pt; font-family: arial, helvetica, sans-serif;\">Bitte senden Sie uns eine <span style=\"color: #ff0000;\">E-Mail<\/span> an folgende E-Mailadresse<\/span><\/p>\n<p><span style=\"font-size: 12pt; font-family: arial, helvetica, sans-serif; color: #ff9900;\">s.bezner@gmx.de<\/span><\/p>\n<p><code>\u00a0<\/code><\/p>\n<p><span style=\"font-family: arial, helvetica, sans-serif; font-size: 12pt;\">Bei <span style=\"color: #ff0000;\">Erstkontakt<\/span> im Bereich Nachhilfe mit den folgenden <span style=\"color: #ff9900;\">Informationen<\/span> (zum kopieren und einf\u00fcgen):<\/span><\/p>\n<p><span style=\"font-size: 12pt;\"><code>\u00a0<\/code><\/span><\/p>\n<p><span style=\"font-size: 12pt; font-family: arial, helvetica, sans-serif;\">Ihr Name und Name des Sch\u00fclers\/der Sch\u00fclerin<\/span><\/p>\n<p><span style=\"font-size: 12pt; font-family: arial, helvetica, sans-serif;\">Klasse, Schulart<\/span><\/p>\n<p><span style=\"font-size: 12pt; font-family: arial, helvetica, sans-serif;\">gew\u00fcnschte F\u00e4cher (mehrere F\u00e4cher m\u00f6glich)<\/span><\/p>\n<p><span style=\"font-family: arial, helvetica, sans-serif; font-size: 12pt;\">gew\u00fcnschter Stoff (m\u00f6glichst detailiert)<\/span><\/p>\n<p><span style=\"font-size: 12pt; font-family: arial, helvetica, sans-serif;\">Zeiten, wann Nachhilfe stattfinden kann (z.B. Mo 14-17 Uhr, Sa 13 Uhr...)<\/span><\/p>\n<p><span style=\"font-size: 12pt; font-family: arial, helvetica, sans-serif;\">Ihr Adresse und Wohnort mit PLZ<br \/>\n<\/span><\/p>\n<p><span style=\"font-size: 12pt; font-family: arial, helvetica, sans-serif;\">Ihre Telefon- und Handy-Nr. (bitte beides wenn m\u00f6glich)<\/span><\/p>\n<p><span style=\"font-size: 12pt; font-family: arial, helvetica, sans-serif;\">Ihre Nachricht<\/span><\/p>\n<\/div><\/div>","protected":false},"excerpt":{"rendered":"<p>Bitte senden Sie uns eine E-Mail an folgende E-Mailadresse s.bezner@gmx.de \u00a0 Bei Erstkontakt im Bereich Nachhilfe mit den folgenden Informationen (zum kopieren und einf\u00fcgen): \u00a0 Ihr Name und Name des Sch\u00fclers\/der Sch\u00fclerin Klasse, Schulart gew\u00fcnschte F\u00e4cher (mehrere F\u00e4cher m\u00f6glich) gew\u00fcnschter <a href=\"http:\/\/www.nachhilfe-bezner.de\/?page_id=216\" class=\"read-more\">Read More ...<\/a><\/p>\n","protected":false},"author":1,"featured_media":0,"parent":0,"menu_order":0,"comment_status":"closed","ping_status":"closed","template":"","meta":{"footnotes":""},"class_list":["post-216","page","type-page","status-publish","hentry"],"_links":{"self":[{"href":"http:\/\/www.nachhilfe-bezner.de\/index.php?rest_route=\/wp\/v2\/pages\/216","targetHints":{"allow":["GET"]}}],"collection":[{"href":"http:\/\/www.nachhilfe-bezner.de\/index.php?rest_route=\/wp\/v2\/pages"}],"about":[{"href":"http:\/\/www.nachhilfe-bezner.de\/index.php?rest_route=\/wp\/v2\/types\/page"}],"author":[{"embeddable":true,"href":"http:\/\/www.nachhilfe-bezner.de\/index.php?rest_route=\/wp\/v2\/users\/1"}],"replies":[{"embeddable":true,"href":"http:\/\/www.nachhilfe-bezner.de\/index.php?rest_route=%2Fwp%2Fv2%2Fcomments&post=216"}],"version-history":[{"count":31,"href":"http:\/\/www.nachhilfe-bezner.de\/index.php?rest_route=\/wp\/v2\/pages\/216\/revisions"}],"predecessor-version":[{"id":1022,"href":"http:\/\/www.nachhilfe-bezner.de\/index.php?rest_route=\/wp\/v2\/pages\/216\/revisions\/1022"}],"wp:attachment":[{"href":"http:\/\/www.nachhilfe-bezner.de\/index.php?rest_route=%2Fwp%2Fv2%2Fmedia&parent=216"}],"curies":[{"name":"wp","href":"https:\/\/api.w.org\/{rel}","templated":true}]}}