{"id":547,"date":"2016-10-27T11:23:14","date_gmt":"2016-10-27T11:23:14","guid":{"rendered":"http:\/\/www.nachhilfe-bezner.de\/?page_id=547"},"modified":"2020-01-26T14:28:59","modified_gmt":"2020-01-26T14:28:59","slug":"pruefungsvorbereitungskurs","status":"publish","type":"page","link":"http:\/\/www.nachhilfe-bezner.de\/?page_id=547","title":{"rendered":"Pr\u00fcfungsvorbereitungskurse"},"content":{"rendered":"<div id=\"dslc-theme-content\"><div id=\"dslc-theme-content-inner\"><p style=\"text-align: justify;\"><span style=\"font-size: 12pt; font-family: arial, helvetica, sans-serif;\">Jedes Schuljahr bieten wir bei Interesse spezielle <span style=\"color: #ff6600;\">Pr\u00fcfungsvorbereitungskurse<\/span> (Realschule, Abitur) an. Diese ersetzen <strong><span style=\"color: #ff0000;\">nicht<\/span><\/strong> eine klassische, <strong>regelm\u00e4\u00dfige<\/strong> Nachhilfe, die aus unsrer Sicht die <strong>beste<\/strong> M\u00f6glichkeit ist, sich auf eine Pr\u00fcfung vorzubereiten. Wir empfehlen daher, zus\u00e4tzlich klassische Einzelstunden zu buchen. Dort kann jeder Sch\u00fcler von uns <span style=\"color: #ff6600;\">viel individueller<\/span> vorbereitet werden.<br \/>\n<\/span><\/p>\n<p style=\"text-align: justify;\"><span style=\"font-size: 12pt; font-family: arial, helvetica, sans-serif;\">Alle Kurse finden nur statt, wenn gen\u00fcgend <span style=\"color: #ff0000;\">Teilnehmer<\/span> sich verbindlich angemeldet haben (mindestens 5). Es ist aber geplant, die Gruppen nicht gr\u00f6\u00dfer als 15 Teilnehmer werden, damit ich besser auf alle Fragen der Teilnehmer eingehen kann. Hier sind die wichtigsten Informationen auf eine Blick:<\/span><\/p>\n<p style=\"text-align: justify;\"><span style=\"font-size: 12pt; font-family: arial, helvetica, sans-serif;\"><span style=\"color: #ff6600;\">Mathematik-Abiturkurs, Dozent Samuel Bezner<br \/>\n<\/span><\/span><\/p>\n<p style=\"text-align: justify;\"><span style=\"font-size: 12pt; font-family: arial, helvetica, sans-serif;\">-Dauer <strong>4 Tage, je 3,5 h<\/strong>, inklusive kurzen Pausen (5 Tage und 4,5 h\u00a0 L\u00e4nge m\u00f6glich, nur bei gen\u00fcgend Interessenten)<\/span><\/p>\n<p><span style=\"font-size: 12pt; font-family: arial, helvetica, sans-serif;\">-Zeitraum wird noch bekannt gegeben<br \/>\n<\/span><\/p>\n<p style=\"text-align: justify;\"><span style=\"font-size: 12pt; font-family: arial, helvetica, sans-serif;\">-Raum: wird noch bekannt gegeben<br \/>\n<\/span><\/p>\n<p style=\"text-align: justify;\"><span style=\"font-size: 12pt; font-family: arial, helvetica, sans-serif;\">-Uhrzeit: wird noch bekannt gegeben<br \/>\n<\/span><\/p>\n<p style=\"text-align: justify;\"><span style=\"font-size: 12pt; font-family: arial, helvetica, sans-serif;\">-Preis: wird noch bekannt gegeben<br \/>\n<\/span><\/p>\n<p style=\"text-align: justify;\"><span style=\"font-size: 12pt; font-family: arial, helvetica, sans-serif;\">-ein <strong>Kursskript<\/strong> gibt es f\u00fcr die Teilnehmer <strong>kostenlos<\/strong> als pdf zum selber ausdrucken oder f\u00fcrs Smartphone, Tablet oder Notebook (Benutzung der Ger\u00e4te zum Nachlesen und f\u00fcr Notizen ist w\u00e4hrend des Kurses erlaubt)<br \/>\n<\/span><\/p>\n<p style=\"text-align: justify;\"><span style=\"font-size: 12pt; font-family: arial, helvetica, sans-serif;\">Geplant ist, die abirelevanten Themen [<strong>Analysis<\/strong>, <strong>Lineare Algebra<\/strong> (Vektoren) und <strong>Stochastik<\/strong> (Wahrscheinlichkeitsrechung)] an vom Dozent <\/span><span style=\"font-size: 12pt; font-family: arial, helvetica, sans-serif;\">kreirten Aufgaben (im <strong>Kursskript<\/strong> aufgef\u00fchrt) und alten Abi-Aufgaben zu \u00fcben. Gerne k\u00f6nnen auch die Sch\u00fcler eigene Aufgaben und Fragen mitbringen.<\/span><\/p>\n<p style=\"text-align: justify;\"><span style=\"font-size: 12pt; font-family: arial, helvetica, sans-serif;\">Weitere Informationen erhalten Sie auf Anfrage. Wenn Sie Interesse an einem Kurs haben, lassen Sie uns es wissen (zum <a href=\"http:\/\/www.nachhilfe-bezner.de\/?page_id=216\">Kontaktformular<\/a>).<\/span><\/p>\n<p><span style=\"color: #ff6600; font-size: 12pt; font-family: arial, helvetica, sans-serif;\">Abiturkurse von anderen F\u00e4chern<\/span><\/p>\n<p><span style=\"font-size: 12pt; font-family: arial, helvetica, sans-serif;\">auf Anfrage, bei gen\u00fcgend Teilnehmern<\/span><\/p>\n<\/div><\/div>","protected":false},"excerpt":{"rendered":"<p>Jedes Schuljahr bieten wir bei Interesse spezielle Pr\u00fcfungsvorbereitungskurse (Realschule, Abitur) an. Diese ersetzen nicht eine klassische, regelm\u00e4\u00dfige Nachhilfe, die aus unsrer Sicht die beste M\u00f6glichkeit ist, sich auf eine Pr\u00fcfung vorzubereiten. Wir empfehlen daher, zus\u00e4tzlich klassische Einzelstunden zu buchen. Dort <a href=\"http:\/\/www.nachhilfe-bezner.de\/?page_id=547\" class=\"read-more\">Read More ...<\/a><\/p>\n","protected":false},"author":1,"featured_media":0,"parent":0,"menu_order":0,"comment_status":"closed","ping_status":"closed","template":"","meta":{"footnotes":""},"class_list":["post-547","page","type-page","status-publish","hentry"],"_links":{"self":[{"href":"http:\/\/www.nachhilfe-bezner.de\/index.php?rest_route=\/wp\/v2\/pages\/547","targetHints":{"allow":["GET"]}}],"collection":[{"href":"http:\/\/www.nachhilfe-bezner.de\/index.php?rest_route=\/wp\/v2\/pages"}],"about":[{"href":"http:\/\/www.nachhilfe-bezner.de\/index.php?rest_route=\/wp\/v2\/types\/page"}],"author":[{"embeddable":true,"href":"http:\/\/www.nachhilfe-bezner.de\/index.php?rest_route=\/wp\/v2\/users\/1"}],"replies":[{"embeddable":true,"href":"http:\/\/www.nachhilfe-bezner.de\/index.php?rest_route=%2Fwp%2Fv2%2Fcomments&post=547"}],"version-history":[{"count":50,"href":"http:\/\/www.nachhilfe-bezner.de\/index.php?rest_route=\/wp\/v2\/pages\/547\/revisions"}],"predecessor-version":[{"id":1068,"href":"http:\/\/www.nachhilfe-bezner.de\/index.php?rest_route=\/wp\/v2\/pages\/547\/revisions\/1068"}],"wp:attachment":[{"href":"http:\/\/www.nachhilfe-bezner.de\/index.php?rest_route=%2Fwp%2Fv2%2Fmedia&parent=547"}],"curies":[{"name":"wp","href":"https:\/\/api.w.org\/{rel}","templated":true}]}}