{"id":66,"date":"2016-07-30T11:42:56","date_gmt":"2016-07-30T11:42:56","guid":{"rendered":"http:\/\/nachhilfe-bezner.de\/?page_id=66"},"modified":"2022-04-04T18:33:17","modified_gmt":"2022-04-04T18:33:17","slug":"mein-angebot","status":"publish","type":"page","link":"http:\/\/www.nachhilfe-bezner.de\/?page_id=66","title":{"rendered":"Unser Angebot"},"content":{"rendered":"<div id=\"dslc-theme-content\"><div id=\"dslc-theme-content-inner\"><div id=\"WRchTxt2n\" class=\"s2\" data-reactid=\".0.$SITE_ROOT.$desktop_siteRoot.$PAGES_CONTAINER.1.1.$SITE_PAGES.$mainPage.1.$WRchTxt2n\">\n<p class=\"font_7\" style=\"text-align: justify;\"><span style=\"font-size: 16pt; font-family: arial, helvetica, sans-serif;\"><strong>Flexible Rahmenbedingungen<\/strong><\/span><\/p>\n<p class=\"font_7\" style=\"text-align: justify;\"><span style=\"font-size: 12pt; font-family: arial, helvetica, sans-serif;\"><span class=\"color_19\">Ma\u00dfgeschneiderter <\/span><span class=\"color_23\" style=\"color: #ff9900;\">Einzelunterricht<\/span><span class=\"color_19\"> f\u00fcr Sie \/ Ihr Kind (<strong>Gruppenunterricht<\/strong> nur nach <span style=\"color: #ff0000;\">Absprache<\/span>):<\/span><\/span><\/p>\n<p class=\"font_7\" style=\"text-align: justify;\"><span style=\"font-size: 12pt; font-family: arial, helvetica, sans-serif;\"><span class=\"color_19\">1) <\/span><span class=\"color_23\" style=\"color: #ff9900;\">Flexible Unterrichtszeit<\/span><span class=\"color_19\">: 45, 60, 90 min oder 120 min (oder anders) nach <strong>Absprache.<\/strong><br \/>\n<\/span><\/span><\/p>\n<p><span style=\"font-family: arial, helvetica, sans-serif; font-size: 12pt;\">2) Nachhilfe <span style=\"color: #ff9900;\">online<\/span> oder bei <span style=\"color: #ff9900;\">Ihnen zu hause<\/span> (au\u00dfer von Ihnen anders gew\u00fcnscht).<\/span><\/p>\n<p class=\"font_7\" style=\"text-align: justify;\"><span style=\"font-size: 12pt; font-family: arial, helvetica, sans-serif;\"><span class=\"color_19\">3) <\/span><span class=\"color_23\" style=\"color: #ff9900;\">Flexibler Stoff<\/span><span class=\"color_19\">: Sie bestimmen, welches Fach und welches Thema behandelt werden soll. Gerne k\u00f6nnen wir Sie hier beraten.<\/span><\/span><\/p>\n<p class=\"font_7\" style=\"text-align: justify;\"><span style=\"font-size: 12pt; font-family: arial, helvetica, sans-serif;\"><span class=\"color_19\">4)<\/span> <span style=\"color: #ff9900;\">Flexibles<\/span> <span style=\"color: #ff9900;\">Absagen bzw. Verlegen<\/span> <span style=\"color: #ff9900;\">von Terminen<\/span>: Diese m\u00fcssen <strong>nicht<\/strong> nachgeholt werden. Allerdings bitten wir um eine <span style=\"color: #ff0000;\">rechtzeitige<\/span> <span style=\"color: #ff0000;\">Absage<\/span> (mind. 24 h vorher).<br \/>\n<\/span><\/p>\n<p class=\"font_7\" style=\"text-align: justify;\"><span style=\"font-size: 12pt; font-family: arial, helvetica, sans-serif;\"><span class=\"color_19\">5) <\/span><span class=\"color_23\" style=\"color: #ff9900;\">Keine vertraglich festgelegte Stundenzahl<\/span><span class=\"color_19\">: Sie nehmen nur soviel Unterrichtstunden, wie Sie wirklich wollen.<\/span><\/span><\/p>\n<p class=\"font_7\" style=\"text-align: justify;\"><span style=\"font-size: 12pt; font-family: arial, helvetica, sans-serif;\"><span class=\"color_19\">6) <\/span><span class=\"color_23\" style=\"color: #ff9900;\">Bequeme Bezahlung<\/span><span class=\"color_19\"> per \u00dcberweisung im Nachhinein (<strong>keine<\/strong> Vorauszahlung!). Sie erhalten eine monatliche Rechnung f\u00fcr Ihre Steuer.<\/span><\/span><\/p>\n<p class=\"font_7\" style=\"text-align: justify;\"><span style=\"font-size: 16pt; font-family: arial, helvetica, sans-serif;\"> <strong>Garantierter Erfolg<\/strong><\/span><\/p>\n<\/div>\n<div id=\"WRchTxt1x1k9l\" class=\"s2\" style=\"text-align: justify;\" data-reactid=\".0.$SITE_ROOT.$desktop_siteRoot.$PAGES_CONTAINER.1.1.$SITE_PAGES.$mainPage.1.$WRchTxt1x1k9l\">\n<p class=\"font_7\"><span class=\"color_19\" style=\"font-size: 12pt; font-family: arial, helvetica, sans-serif;\">Die meisten Kunden \/ Sch\u00fcler sind mit uns rundum zufrieden. Sie bescheinigen uns, dass wir Wissen sehr gut vermitteln k\u00f6nnen und sie dadurch den Stoff viel besser verstehen. Viele von ihnen haben sich auch leistungsm\u00e4\u00dfig verbessert. Sie w\u00fcrden uns jederzeit weiterempfehlen (siehe <a href=\"http:\/\/www.nachhilfe-bezner.de\/?page_id=11\"><strong>Empfehlungen<\/strong><\/a>).<br \/>\n<\/span><\/p>\n<\/div>\n<div id=\"WRchTxt1x1k9l\" class=\"s2\" data-reactid=\".0.$SITE_ROOT.$desktop_siteRoot.$PAGES_CONTAINER.1.1.$SITE_PAGES.$mainPage.1.$WRchTxt1x1k9l\">\n<p class=\"font_7\" style=\"text-align: justify;\"><span class=\"color_19\" style=\"font-size: 12pt; font-family: arial, helvetica, sans-serif;\">Sollte etwas <strong>nicht<\/strong> zu Ihrer Zufriedenheit sein, kontaktieren Sie uns umgehend (zum <a href=\"http:\/\/www.nachhilfe-bezner.de\/?page_id=216\">Kontaktformular<\/a>).<br \/>\n<\/span><\/p>\n<p class=\"font_7\" style=\"text-align: justify;\">\n<\/div>\n<\/div><\/div>","protected":false},"excerpt":{"rendered":"<p>Flexible Rahmenbedingungen Ma\u00dfgeschneiderter Einzelunterricht f\u00fcr Sie \/ Ihr Kind (Gruppenunterricht nur nach Absprache): 1) Flexible Unterrichtszeit: 45, 60, 90 min oder 120 min (oder anders) nach Absprache. 2) Nachhilfe online oder bei Ihnen zu hause (au\u00dfer von Ihnen anders gew\u00fcnscht). <a href=\"http:\/\/www.nachhilfe-bezner.de\/?page_id=66\" class=\"read-more\">Read More ...<\/a><\/p>\n","protected":false},"author":1,"featured_media":0,"parent":0,"menu_order":0,"comment_status":"closed","ping_status":"closed","template":"","meta":{"footnotes":""},"class_list":["post-66","page","type-page","status-publish","hentry"],"_links":{"self":[{"href":"http:\/\/www.nachhilfe-bezner.de\/index.php?rest_route=\/wp\/v2\/pages\/66","targetHints":{"allow":["GET"]}}],"collection":[{"href":"http:\/\/www.nachhilfe-bezner.de\/index.php?rest_route=\/wp\/v2\/pages"}],"about":[{"href":"http:\/\/www.nachhilfe-bezner.de\/index.php?rest_route=\/wp\/v2\/types\/page"}],"author":[{"embeddable":true,"href":"http:\/\/www.nachhilfe-bezner.de\/index.php?rest_route=\/wp\/v2\/users\/1"}],"replies":[{"embeddable":true,"href":"http:\/\/www.nachhilfe-bezner.de\/index.php?rest_route=%2Fwp%2Fv2%2Fcomments&post=66"}],"version-history":[{"count":40,"href":"http:\/\/www.nachhilfe-bezner.de\/index.php?rest_route=\/wp\/v2\/pages\/66\/revisions"}],"predecessor-version":[{"id":1206,"href":"http:\/\/www.nachhilfe-bezner.de\/index.php?rest_route=\/wp\/v2\/pages\/66\/revisions\/1206"}],"wp:attachment":[{"href":"http:\/\/www.nachhilfe-bezner.de\/index.php?rest_route=%2Fwp%2Fv2%2Fmedia&parent=66"}],"curies":[{"name":"wp","href":"https:\/\/api.w.org\/{rel}","templated":true}]}}