{"id":76,"date":"2016-07-30T12:25:36","date_gmt":"2016-07-30T12:25:36","guid":{"rendered":"http:\/\/nachhilfe-bezner.de\/?page_id=76"},"modified":"2022-09-05T13:39:23","modified_gmt":"2022-09-05T13:39:23","slug":"mathematik","status":"publish","type":"page","link":"http:\/\/www.nachhilfe-bezner.de\/?page_id=76","title":{"rendered":"Mathematik"},"content":{"rendered":"<div id=\"dslc-theme-content\"><div id=\"dslc-theme-content-inner\"><p class=\"font7\" style=\"text-align: justify; line-height: 15.6pt;\"><span style=\"font-size: 14pt; font-family: arial, helvetica, sans-serif;\">1) <b>f\u00fcr <\/b><strong><span style=\"color: #ff9900;\">Haupt- , Realschule und Gymnasium, Gesamt- oder Berufsschule,...<\/span><\/strong><\/span><\/p>\n<p class=\"font7\" style=\"text-align: justify; line-height: 15.6pt;\"><span style=\"font-family: arial, helvetica, sans-serif;\"><b><\/b> <span style=\"font-size: 12pt;\"><strong>Grundrechenarten<\/strong><\/span><\/span><\/p>\n<p class=\"font7\" style=\"text-align: justify; line-height: 15.6pt;\"><span style=\"font-size: 12pt; font-family: arial, helvetica, sans-serif;\">\u00a0 -Addieren, subtrahieren, multiplizieren, dividieren, potenzieren,...<\/span><\/p>\n<p class=\"font7\" style=\"text-align: justify; line-height: 15.6pt;\"><span style=\"font-size: 12pt; font-family: arial, helvetica, sans-serif;\">\u00a0 -Bruch-, Prozent-, Zinsrechnung<\/span><\/p>\n<p class=\"font7\" style=\"text-align: justify; line-height: 15.6pt;\"><span style=\"font-size: 12pt; font-family: arial, helvetica, sans-serif;\">\u00a0 -Gleichungen und Ungleichungen, Polynomdivision<br \/>\n<\/span><\/p>\n<p class=\"font7\" style=\"text-align: justify; line-height: 15.6pt;\"><span style=\"font-size: 12pt; font-family: arial, helvetica, sans-serif;\"><code>\u00a0<\/code><\/span><\/p>\n<p class=\"font7\" style=\"text-align: justify; line-height: 15.6pt;\"><span style=\"font-size: 12pt; font-family: arial, helvetica, sans-serif;\"><strong>Analysis<\/strong><\/span><\/p>\n<p class=\"font7\" style=\"text-align: justify; line-height: 15.6pt;\"><span style=\"font-size: 12pt; font-family: arial, helvetica, sans-serif;\">\u00a0 -Funktionen einer Variablen, Geraden (Steigung,...), Parabeln (Scheitelpunkt,...),...<\/span><\/p>\n<p class=\"font7\" style=\"text-align: justify; line-height: 15.6pt;\"><span style=\"font-size: 12pt; font-family: arial, helvetica, sans-serif;\">\u00a0 -Symmetrie, Verhalten gegen unendlich, Asymptoten<\/span><\/p>\n<p class=\"font7\" style=\"text-align: justify; line-height: 15.6pt;\"><span style=\"font-size: 12pt; font-family: arial, helvetica, sans-serif;\">\u00a0 -Kurvendiskussion, Berechnung Nullstellen, Extrema, Wendepunkte<\/span><\/p>\n<p class=\"font7\" style=\"text-align: justify; line-height: 15.6pt;\"><span style=\"font-size: 12pt; font-family: arial, helvetica, sans-serif;\">\u00a0 -Ableitung (Kettenregel, Produktregel, Quotientenregel) <\/span><\/p>\n<p class=\"font7\" style=\"text-align: justify; line-height: 15.6pt;\"><span style=\"font-size: 12pt; font-family: arial, helvetica, sans-serif;\">\u00a0 -Tangenten- und Normalengleichung, Kr\u00fcmmungsverhalten<\/span><\/p>\n<p class=\"font7\" style=\"text-align: justify; line-height: 15.6pt;\"><span style=\"font-size: 12pt; font-family: arial, helvetica, sans-serif;\">\u00a0-Integral, Regeln (Integration durch Substitution, partielle Integration),...<\/span><\/p>\n<p class=\"font7\" style=\"text-align: justify; line-height: 15.6pt;\"><span style=\"font-size: 12pt; font-family: arial, helvetica, sans-serif;\">\u00a0-Integral Fl\u00e4chenberechnung, Mittelwert, Rotationsk\u00f6rper (Volumenberechnung)<\/span><\/p>\n<p class=\"font7\" style=\"text-align: justify; line-height: 15.6pt;\"><span style=\"font-size: 12pt; font-family: arial, helvetica, sans-serif;\"><code>\u00a0<\/code><\/span><\/p>\n<p class=\"font7\" style=\"text-align: justify; line-height: 15.6pt;\"><span style=\"font-size: 12pt; font-family: arial, helvetica, sans-serif;\"><strong>Geometrie<\/strong><\/span><\/p>\n<p class=\"font7\" style=\"text-align: justify; line-height: 15.6pt;\"><span style=\"font-size: 12pt; font-family: arial, helvetica, sans-serif;\">\u00a0 -2-dimensionale Fl\u00e4chen (2D, z.B. Dreieck,...) und 3-dimensionale K\u00f6rper (3D, z.B. W\u00fcrfel,...)<\/span><\/p>\n<p class=\"font7\" style=\"text-align: justify; line-height: 15.6pt;\"><span style=\"font-size: 12pt; font-family: arial, helvetica, sans-serif;\">\u00a0 -Konstruktion, Mittelsenkrechte, Winkelhalbierende, Kongruenzss\u00e4tze, Strahlens\u00e4tze<br \/>\n<\/span><\/p>\n<p class=\"font7\" style=\"text-align: justify; line-height: 15.6pt;\"><span style=\"font-size: 12pt; font-family: arial, helvetica, sans-serif;\">\u00a0 -sinus, cosinus, tangens, Pythagoras, Satz des Thales, Sinussatz, Cosinussatz<\/span><\/p>\n<p><code>\u00a0<\/code><\/p>\n<p class=\"font7\" style=\"text-align: justify; line-height: 15.6pt;\"><span style=\"font-size: 12pt; font-family: arial, helvetica, sans-serif;\"><strong>Analytische Geometrie<\/strong> (<strong>Vektorrechnung<\/strong>)<\/span><\/p>\n<p class=\"font7\" style=\"text-align: justify; line-height: 15.6pt;\"><span style=\"font-size: 12pt; font-family: arial, helvetica, sans-serif;\">\u00a0 -Orts- und Richtungsvektoren<\/span><\/p>\n<p class=\"font7\" style=\"text-align: justify; line-height: 15.6pt;\"><span style=\"font-size: 12pt; font-family: arial, helvetica, sans-serif;\">\u00a0 -Skalarprodukt, Vektorprodukt, Winkelberechnung<\/span><\/p>\n<p class=\"font7\" style=\"text-align: justify; line-height: 15.6pt;\"><span style=\"font-size: 12pt; font-family: arial, helvetica, sans-serif;\">\u00a0 -Punkte, Geraden und Ebenen: Lage und Abst\u00e4nde zueinander<code><\/code><\/span><\/p>\n<p><code>\u00a0<\/code><\/p>\n<p class=\"font7\" style=\"text-align: justify; line-height: 15.6pt;\"><span style=\"font-size: 12pt; font-family: arial, helvetica, sans-serif;\"><strong>Stochastik<\/strong> (<strong>Wahrscheinlichkeitsrechnung<\/strong>)<\/span><\/p>\n<p class=\"font7\" style=\"text-align: justify; line-height: 15.6pt;\"><span style=\"font-size: 12pt; font-family: arial, helvetica, sans-serif;\">\u00a0\u00a0 -Daten erfassen, Statistiken, Boxplot<\/span><\/p>\n<p class=\"font7\" style=\"text-align: justify; line-height: 15.6pt;\"><span style=\"font-size: 12pt; font-family: arial, helvetica, sans-serif;\">\u00a0\u00a0 -ein- und mehrstufige Zufallsexperimente mit und ohne Zur\u00fccklegen<\/span><\/p>\n<p class=\"font7\" style=\"text-align: justify; line-height: 15.6pt;\"><span style=\"font-size: 12pt; font-family: arial, helvetica, sans-serif;\">\u00a0\u00a0 -Erwartungswert, Binomialverteilung (Bernoulli-Experimente), Hypothesen<\/span><\/p>\n<p class=\"font7\" style=\"text-align: justify; line-height: 15.6pt;\"><span style=\"font-size: 12pt; font-family: arial, helvetica, sans-serif;\"><code>\u00a0<\/code><\/span><\/p>\n<p class=\"font7\" style=\"text-align: justify; line-height: 15.6pt;\"><span style=\"font-size: 14pt; font-family: arial, helvetica, sans-serif;\">2) <span style=\"color: #ff9900;\"><b>Studium <\/b><\/span>(zus\u00e4tzlich zu den oberen Themen)<span style=\"color: #ff9900;\"><b><br \/>\n<\/b><\/span><\/span><\/p>\n<p class=\"font7\" style=\"text-align: justify; line-height: 15.6pt;\"><span style=\"font-size: 12pt; font-family: arial, helvetica, sans-serif;\">\u00a0 -Funktionen <strong>mehrerer<\/strong> Variablen<\/span><\/p>\n<p class=\"font7\" style=\"text-align: justify; line-height: 15.6pt;\"><span style=\"font-size: 12pt; font-family: arial, helvetica, sans-serif;\">\u00a0 -komplexe Zahlen<\/span><\/p>\n<p class=\"font7\" style=\"text-align: justify; line-height: 15.6pt;\"><span style=\"font-size: 12pt; font-family: arial, helvetica, sans-serif;\">\u00a0 -Folgen und Reihen<\/span><\/p>\n<p>&nbsp;<\/p>\n<p><span style=\"color: #ff9900;\">\u00a0Wirtschaftsmathematik<\/span><\/p>\n<p>-Zinsrechnung (einfache Verzinsung und mit Zinseszins)<\/p>\n<p>-Rentenrechung (nachsch\u00fcssige Zahlung)<\/p>\n<p>-Tilgungsrechnung <strong>Ratenschuld<\/strong> und <b>Annuit\u00e4tentilgung<\/b><\/p>\n<p>&nbsp;<\/p>\n<p><span style=\"font-size: 12pt; font-family: arial, helvetica, sans-serif;\">und viele mehr...<\/span><\/p>\n<\/div><\/div>","protected":false},"excerpt":{"rendered":"<p>1) f\u00fcr Haupt- , Realschule und Gymnasium, Gesamt- oder Berufsschule,... Grundrechenarten \u00a0 -Addieren, subtrahieren, multiplizieren, dividieren, potenzieren,... \u00a0 -Bruch-, Prozent-, Zinsrechnung \u00a0 -Gleichungen und Ungleichungen, Polynomdivision \u00a0 Analysis \u00a0 -Funktionen einer Variablen, Geraden (Steigung,...), Parabeln (Scheitelpunkt,...),... \u00a0 -Symmetrie, Verhalten gegen <a href=\"http:\/\/www.nachhilfe-bezner.de\/?page_id=76\" class=\"read-more\">Read More ...<\/a><\/p>\n","protected":false},"author":1,"featured_media":0,"parent":0,"menu_order":0,"comment_status":"closed","ping_status":"closed","template":"","meta":{"footnotes":""},"class_list":["post-76","page","type-page","status-publish","hentry"],"_links":{"self":[{"href":"http:\/\/www.nachhilfe-bezner.de\/index.php?rest_route=\/wp\/v2\/pages\/76","targetHints":{"allow":["GET"]}}],"collection":[{"href":"http:\/\/www.nachhilfe-bezner.de\/index.php?rest_route=\/wp\/v2\/pages"}],"about":[{"href":"http:\/\/www.nachhilfe-bezner.de\/index.php?rest_route=\/wp\/v2\/types\/page"}],"author":[{"embeddable":true,"href":"http:\/\/www.nachhilfe-bezner.de\/index.php?rest_route=\/wp\/v2\/users\/1"}],"replies":[{"embeddable":true,"href":"http:\/\/www.nachhilfe-bezner.de\/index.php?rest_route=%2Fwp%2Fv2%2Fcomments&post=76"}],"version-history":[{"count":82,"href":"http:\/\/www.nachhilfe-bezner.de\/index.php?rest_route=\/wp\/v2\/pages\/76\/revisions"}],"predecessor-version":[{"id":1219,"href":"http:\/\/www.nachhilfe-bezner.de\/index.php?rest_route=\/wp\/v2\/pages\/76\/revisions\/1219"}],"wp:attachment":[{"href":"http:\/\/www.nachhilfe-bezner.de\/index.php?rest_route=%2Fwp%2Fv2%2Fmedia&parent=76"}],"curies":[{"name":"wp","href":"https:\/\/api.w.org\/{rel}","templated":true}]}}