{"id":78,"date":"2016-07-30T12:25:54","date_gmt":"2016-07-30T12:25:54","guid":{"rendered":"http:\/\/nachhilfe-bezner.de\/?page_id=78"},"modified":"2019-07-06T16:44:10","modified_gmt":"2019-07-06T16:44:10","slug":"physik","status":"publish","type":"page","link":"http:\/\/www.nachhilfe-bezner.de\/?page_id=78","title":{"rendered":"Physik"},"content":{"rendered":"<div id=\"dslc-theme-content\"><div id=\"dslc-theme-content-inner\"><p><span style=\"font-size: 12pt; font-family: arial, helvetica, sans-serif;\"><strong>Mechanik<\/strong><\/span><\/p>\n<p><span style=\"font-size: 12pt; font-family: arial, helvetica, sans-serif;\">-gleichf\u00f6rmige und beschleunigte Bewegung (z.B. freier Fall), Kreisbewegung<\/span><\/p>\n<p><span style=\"font-size: 12pt; font-family: arial, helvetica, sans-serif;\">-Kr\u00e4fte, Impuls, Energie,...<\/span><\/p>\n<p><span style=\"font-size: 12pt; font-family: arial, helvetica, sans-serif;\">-Federn, Pendel, harmonische Schwingungen,...<\/span><\/p>\n<p><span style=\"font-size: 12pt; font-family: arial, helvetica, sans-serif;\"><code>\u00a0<\/code><\/span><\/p>\n<p><span style=\"font-size: 12pt; font-family: arial, helvetica, sans-serif;\"><strong>Kosmologie<\/strong><\/span><\/p>\n<p><span style=\"font-size: 12pt; font-family: arial, helvetica, sans-serif;\">-Gravitation,...<\/span><\/p>\n<p><code>\u00a0<\/code><\/p>\n<p><span style=\"font-size: 12pt; font-family: arial, helvetica, sans-serif;\"><strong>W\u00e4rmelehre<\/strong><\/span><\/p>\n<p><span style=\"font-size: 12pt; font-family: arial, helvetica, sans-serif;\"><code><\/code>-ideales Gas, Haupts\u00e4tze der Thermodynamik, W\u00e4rmekapazit\u00e4t...<\/span><\/p>\n<p><span style=\"font-size: 12pt; font-family: arial, helvetica, sans-serif;\"><code>\u00a0<\/code><\/span><\/p>\n<p><span style=\"font-size: 12pt; font-family: arial, helvetica, sans-serif;\"><strong>Elektrizit\u00e4tslehre<\/strong><\/span><\/p>\n<p><span style=\"font-size: 12pt; font-family: arial, helvetica, sans-serif;\"><code><\/code>-Elektrische Schaltungen (Reihen-, Parallelschaltung)<\/span><\/p>\n<p><span style=\"font-size: 12pt; font-family: arial, helvetica, sans-serif;\">-Widerst\u00e4nde, Dioden, LED, Spulen, Kondensatoren, Transformatoren (Trafo), Transistoren...<\/span><\/p>\n<p><span style=\"font-size: 12pt; font-family: arial, helvetica, sans-serif;\"><code>\u00a0<\/code><\/span><\/p>\n<p><span style=\"font-size: 12pt; font-family: arial, helvetica, sans-serif;\"><strong>Magnetismus<\/strong><\/span><\/p>\n<p><span style=\"font-size: 12pt; font-family: arial, helvetica, sans-serif;\"><code>\u00a0<\/code>-Lorentzkraft, Induktion, Generatoren, Elektro-Motoren,...<\/span><\/p>\n<p><span style=\"font-size: 12pt; font-family: arial, helvetica, sans-serif;\"><code>\u00a0<\/code><\/span><\/p>\n<p><span style=\"font-size: 12pt; font-family: arial, helvetica, sans-serif;\"><strong>Optik<\/strong><\/span><\/p>\n<p><span style=\"font-size: 12pt; font-family: arial, helvetica, sans-serif;\"><code>\u00a0<\/code>-Wellen, Licht, Interferenz, Beugung (Spalt, Doppelspalt und Gitter),...<br \/>\n<\/span><\/p>\n<p><span style=\"font-size: 12pt; font-family: arial, helvetica, sans-serif;\"><code>\u00a0<\/code><\/span><\/p>\n<p><span style=\"font-size: 12pt; font-family: arial, helvetica, sans-serif;\"><strong>Radioaktivit\u00e4t<\/strong><\/span><\/p>\n<p><span style=\"font-size: 12pt; font-family: arial, helvetica, sans-serif;\"><code>\u00a0<\/code>-Isotope, Halbwertszeit, Kernspaltung, C14-Methode<\/span><\/p>\n<p><span style=\"font-size: 12pt; font-family: arial, helvetica, sans-serif;\">-\u03b1-(Alpha)-, \u03b2-(Beta)-, \u03b3-(Gamma)-Strahlung<\/span><\/p>\n<p><span style=\"font-size: 12pt; font-family: arial, helvetica, sans-serif;\"><code>\u00a0<\/code><\/span><\/p>\n<p><span style=\"font-size: 12pt; font-family: arial, helvetica, sans-serif;\">und viele mehr\u2026<\/span><\/p>\n<\/div><\/div>","protected":false},"excerpt":{"rendered":"<p>Mechanik -gleichf\u00f6rmige und beschleunigte Bewegung (z.B. freier Fall), Kreisbewegung -Kr\u00e4fte, Impuls, Energie,... -Federn, Pendel, harmonische Schwingungen,... \u00a0 Kosmologie -Gravitation,... \u00a0 W\u00e4rmelehre -ideales Gas, Haupts\u00e4tze der Thermodynamik, W\u00e4rmekapazit\u00e4t... \u00a0 Elektrizit\u00e4tslehre -Elektrische Schaltungen (Reihen-, Parallelschaltung) -Widerst\u00e4nde, Dioden, LED, Spulen, Kondensatoren, Transformatoren (Trafo), <a href=\"http:\/\/www.nachhilfe-bezner.de\/?page_id=78\" class=\"read-more\">Read More ...<\/a><\/p>\n","protected":false},"author":1,"featured_media":0,"parent":0,"menu_order":0,"comment_status":"closed","ping_status":"closed","template":"","meta":{"footnotes":""},"class_list":["post-78","page","type-page","status-publish","hentry"],"_links":{"self":[{"href":"http:\/\/www.nachhilfe-bezner.de\/index.php?rest_route=\/wp\/v2\/pages\/78","targetHints":{"allow":["GET"]}}],"collection":[{"href":"http:\/\/www.nachhilfe-bezner.de\/index.php?rest_route=\/wp\/v2\/pages"}],"about":[{"href":"http:\/\/www.nachhilfe-bezner.de\/index.php?rest_route=\/wp\/v2\/types\/page"}],"author":[{"embeddable":true,"href":"http:\/\/www.nachhilfe-bezner.de\/index.php?rest_route=\/wp\/v2\/users\/1"}],"replies":[{"embeddable":true,"href":"http:\/\/www.nachhilfe-bezner.de\/index.php?rest_route=%2Fwp%2Fv2%2Fcomments&post=78"}],"version-history":[{"count":23,"href":"http:\/\/www.nachhilfe-bezner.de\/index.php?rest_route=\/wp\/v2\/pages\/78\/revisions"}],"predecessor-version":[{"id":863,"href":"http:\/\/www.nachhilfe-bezner.de\/index.php?rest_route=\/wp\/v2\/pages\/78\/revisions\/863"}],"wp:attachment":[{"href":"http:\/\/www.nachhilfe-bezner.de\/index.php?rest_route=%2Fwp%2Fv2%2Fmedia&parent=78"}],"curies":[{"name":"wp","href":"https:\/\/api.w.org\/{rel}","templated":true}]}}