{"id":8,"date":"2016-07-29T15:21:18","date_gmt":"2016-07-29T15:21:18","guid":{"rendered":"http:\/\/nachhilfe-bezner.de\/?page_id=8"},"modified":"2020-05-05T19:29:56","modified_gmt":"2020-05-05T19:29:56","slug":"faq","status":"publish","type":"page","link":"http:\/\/www.nachhilfe-bezner.de\/?page_id=8","title":{"rendered":"FAQ"},"content":{"rendered":"<div id=\"dslc-theme-content\"><div id=\"dslc-theme-content-inner\"><p style=\"text-align: justify;\"><span style=\"font-size: 16pt;\">1<span style=\"font-family: arial, helvetica, sans-serif;\">) Wieviel kostet die Nachhilfe?<\/span><\/span><\/p>\n<p style=\"text-align: justify;\"><span style=\"font-size: 12pt; font-family: arial, helvetica, sans-serif;\"><code><a class=\"spoiler_link_show\" href=\"javascript:void(0)\" onclick=\"wpSpoilerToggle(document.getElementById('id898617907'), this, 'Zum Zeigen hier klicken', 'Verbergen')\">Zum Zeigen hier klicken<\/a>\n<div class=\"spoiler_div\" id=\"id898617907\" style=\"display:none\"><\/code><\/span><\/p>\n<p style=\"text-align: justify;\"><span style=\"font-size: 12pt; font-family: arial, helvetica, sans-serif;\">Fragen Sie einfach den Preis an. Das Honorar richtet sich nach dem jeweiligen <span style=\"color: #ff0000;\"><strong>Dozenten<\/strong><\/span>, <strong>Unterrichtsort<\/strong> und der <strong>Unterrichtszeit<\/strong>. Dazu kommen gegebenfalls Fahrtkosten, je nach Unterrichtsort.\u00a0 Eine erste <span style=\"color: #ff9900;\">Kennenlernstunde<\/span> wird auch angeboten. Sie sind danach <strong>nicht<\/strong> verpflichtet, weitere Stunden zu nehmen. Sie erhalten eine <strong>monatliche Rechnung<\/strong> f\u00fcr Ihre Steuer, damit Sie die Kosten gegebenenfalls als Fortbildungskosten oder Kinderbetreuungskosten geltend machen k\u00f6nnen. Lassen Sie sich diesbez\u00fcglich von Ihrem Steuerberater informieren.<\/span><\/p>\n<p style=\"text-align: justify;\"><span style=\"font-size: 12pt; font-family: arial, helvetica, sans-serif;\"><code><\/div>\n<\/code><\/span><\/p>\n<p style=\"text-align: justify;\"><span style=\"font-size: 16pt; font-family: arial, helvetica, sans-serif;\">2) Wie kann ich bezahlen?<\/span><\/p>\n<p style=\"text-align: justify;\"><span style=\"font-family: arial, helvetica, sans-serif;\"><code><a class=\"spoiler_link_show\" href=\"javascript:void(0)\" onclick=\"wpSpoilerToggle(document.getElementById('id1352058620'), this, 'Zum Zeigen hier klicken', 'Verbergen')\">Zum Zeigen hier klicken<\/a>\n<div class=\"spoiler_div\" id=\"id1352058620\" style=\"display:none\"><\/code><\/span><\/p>\n<p style=\"text-align: justify;\"><span style=\"font-family: arial, helvetica, sans-serif; font-size: 12pt;\">Per <strong>\u00dcberweisung<\/strong> nach Erhalt der Rechnung auf das dort angegeben Konto. Sie m\u00fcssen kein Geld im Voraus, sondern erst im <strong>Nachhinein<\/strong> \u00fcberweisen. Bei Unterricht bei Herrn Bezner k\u00f6nnen Sie aber auch <strong>bar<\/strong> bezahlen. Die oben erw\u00e4hnte Rechnung erhalten Sie so oder so.<\/span><\/p>\n<p style=\"text-align: justify;\"><span style=\"font-family: arial, helvetica, sans-serif;\"><code><\/div>\n<\/code><\/span><\/p>\n<p style=\"text-align: justify;\"><span style=\"font-size: 16pt; font-family: arial, helvetica, sans-serif;\">3) Wo unterrichten Sie alles?<\/span><\/p>\n<p style=\"text-align: justify;\"><span style=\"font-family: helvetica,arial,sans-serif;\"><code><span style=\"font-family: arial, helvetica, sans-serif;\"><a class=\"spoiler_link_show\" href=\"javascript:void(0)\" onclick=\"wpSpoilerToggle(document.getElementById('id594247866'), this, 'Zum Zeigen hier klicken', 'Verbergen')\">Zum Zeigen hier klicken<\/a>\n<div class=\"spoiler_div\" id=\"id594247866\" style=\"display:none\"><\/span><\/code><\/span><\/p>\n<p style=\"text-align: justify;\"><span style=\"font-family: helvetica,arial,sans-serif; font-size: 12pt;\">I<span style=\"font-family: arial, helvetica, sans-serif;\">n den Landkreisen Ludwigsburg und Heilbronn. Die Nachhilfe findet bei Ihnen <span style=\"color: #ff6600;\">zu Hause <\/span>oder<span style=\"color: #ff6600;\"> online <\/span>statt (<strong>anderer<\/strong> Ort nach <span style=\"color: #ff0000;\"><strong>Absprache<\/strong><\/span>). Gr\u00f6\u00dfere Entfernungen (mehr als 30 km) sind nur nach Absprache und gegen Aufpreis m\u00f6glich.<\/span><\/span><\/p>\n<p style=\"text-align: justify;\"><span style=\"font-family: arial, helvetica, sans-serif;\"><span style=\"font-size: 12pt;\">Wir <span style=\"font-family: arial, helvetica, sans-serif;\">haben \/<\/span> hatten Sch\u00fcler in folgenden Orten (alphabetisch): <\/span><\/span><\/p>\n<p style=\"text-align: justify;\"><span style=\"font-family: arial, helvetica, sans-serif; font-size: 12pt;\">Aspach, Bad Friedrichhall, Beilstein, Benningen, Besigheim, Bietigheim-Bissingen, B\u00f6nnigheim, Brackenheim, Erdmannhausen, Erligheim, Gemmrigheim, Gro\u00dfbottwar, G\u00fcglingen, Freiberg (Neckar), Heilbronn, Kirchheim (Neckar), Illingen, Ilsfeld, L\u00f6chgau, Ludwigsburg, Mundelsheim, Murr, Neckarsulm, Neckarwestheim, Oberstenfeld, Pleidelsheim, Sachsenheim, Steinheim, Untergruppenbach, Vaihingen (Enz), Walheim, Weinsberg...<\/span><\/p>\n<p style=\"text-align: justify;\"><span style=\"font-family: helvetica,arial,sans-serif;\"><code><\/div>\n<\/code><\/span><\/p>\n<p style=\"text-align: justify;\"><span style=\"font-size: 16pt; font-family: arial, helvetica, sans-serif;\">4) Was sollte eine Nachhilfeanfrage f\u00fcr Informationen enthalten?<\/span><\/p>\n<p style=\"text-align: justify;\"><span style=\"font-size: 12pt; font-family: arial, helvetica, sans-serif;\"><code><a class=\"spoiler_link_show\" href=\"javascript:void(0)\" onclick=\"wpSpoilerToggle(document.getElementById('id601243403'), this, 'Zum Zeigen hier klicken', 'Verbergen')\">Zum Zeigen hier klicken<\/a>\n<div class=\"spoiler_div\" id=\"id601243403\" style=\"display:none\"><\/code><\/span><\/p>\n<p style=\"text-align: justify;\"><span style=\"font-size: 12pt; font-family: arial, helvetica, sans-serif;\">Nutzen Sie am besten das <a href=\"http:\/\/www.nachhilfe-bezner.de\/?page_id=216\">Kontaktformular<\/a>. Dort stehen alle gew\u00fcnschten Informationen.<br \/>\n<\/span><\/p>\n<p style=\"text-align: justify;\"><span style=\"font-family: arial, helvetica, sans-serif;\"><span style=\"font-size: 12pt;\"><code><\/div>\n<\/code><\/span><span style=\"font-size: 12pt;\"><br \/>\n<\/span><\/span><\/p>\n<p style=\"text-align: justify;\"><span style=\"font-size: 16pt; font-family: arial, helvetica, sans-serif;\">Meine Frage ist hier nicht aufgelistet<\/span><\/p>\n<p style=\"text-align: justify;\"><span style=\"font-size: 12pt;\"><span style=\"font-family: arial, helvetica, sans-serif;\"><a href=\"http:\/\/www.nachhilfe-bezner.de\/?page_id=216\">Kontaktieren<\/a> Sie uns einfach, dann k\u00f6nnen wir sie in Ruhe besprechen.<\/span><br \/>\n<\/span><\/p>\n<\/div><\/div>","protected":false},"excerpt":{"rendered":"<p>1) Wieviel kostet die Nachhilfe? Zum Zeigen hier klicken Fragen Sie einfach den Preis an. Das Honorar richtet sich nach dem jeweiligen Dozenten, Unterrichtsort und der Unterrichtszeit. Dazu kommen gegebenfalls Fahrtkosten, je nach Unterrichtsort.\u00a0 Eine erste Kennenlernstunde wird auch angeboten. <a href=\"http:\/\/www.nachhilfe-bezner.de\/?page_id=8\" class=\"read-more\">Read More ...<\/a><\/p>\n","protected":false},"author":1,"featured_media":0,"parent":0,"menu_order":0,"comment_status":"closed","ping_status":"closed","template":"","meta":{"footnotes":""},"class_list":["post-8","page","type-page","status-publish","hentry"],"_links":{"self":[{"href":"http:\/\/www.nachhilfe-bezner.de\/index.php?rest_route=\/wp\/v2\/pages\/8","targetHints":{"allow":["GET"]}}],"collection":[{"href":"http:\/\/www.nachhilfe-bezner.de\/index.php?rest_route=\/wp\/v2\/pages"}],"about":[{"href":"http:\/\/www.nachhilfe-bezner.de\/index.php?rest_route=\/wp\/v2\/types\/page"}],"author":[{"embeddable":true,"href":"http:\/\/www.nachhilfe-bezner.de\/index.php?rest_route=\/wp\/v2\/users\/1"}],"replies":[{"embeddable":true,"href":"http:\/\/www.nachhilfe-bezner.de\/index.php?rest_route=%2Fwp%2Fv2%2Fcomments&post=8"}],"version-history":[{"count":64,"href":"http:\/\/www.nachhilfe-bezner.de\/index.php?rest_route=\/wp\/v2\/pages\/8\/revisions"}],"predecessor-version":[{"id":1112,"href":"http:\/\/www.nachhilfe-bezner.de\/index.php?rest_route=\/wp\/v2\/pages\/8\/revisions\/1112"}],"wp:attachment":[{"href":"http:\/\/www.nachhilfe-bezner.de\/index.php?rest_route=%2Fwp%2Fv2%2Fmedia&parent=8"}],"curies":[{"name":"wp","href":"https:\/\/api.w.org\/{rel}","templated":true}]}}