{"id":80,"date":"2016-07-30T12:26:10","date_gmt":"2016-07-30T12:26:10","guid":{"rendered":"http:\/\/nachhilfe-bezner.de\/?page_id=80"},"modified":"2022-01-18T18:38:19","modified_gmt":"2022-01-18T18:38:19","slug":"chemie","status":"publish","type":"page","link":"http:\/\/www.nachhilfe-bezner.de\/?page_id=80","title":{"rendered":"Chemie"},"content":{"rendered":"<div id=\"dslc-theme-content\"><div id=\"dslc-theme-content-inner\"><p><span style=\"font-size: 12pt; font-family: arial, helvetica, sans-serif;\"><strong>Allgemeine und anorganis<span style=\"font-size: 12pt;\">che Chemie<\/span><\/strong><\/span><\/p>\n<p><span style=\"font-size: 12pt; font-family: arial, helvetica, sans-serif;\">-Aufbau des Periodenssystems (PSE)<\/span><\/p>\n<p><span style=\"font-size: 12pt; font-family: arial, helvetica, sans-serif;\">-Elementarteilchen (Proton, Elektron, Neutron,...), Bohrsches Atommodell und Orbitalmodell<\/span><\/p>\n<p><span style=\"font-size: 12pt; font-family: arial, helvetica, sans-serif;\">-st\u00f6chiometrische Berechungen, Stoffmenge, Masse, Konzentration, Dichte usw.<\/span><\/p>\n<p><span style=\"font-size: 12pt; font-family: arial, helvetica, sans-serif;\">-Aufstellen Reaktionsgleichungen, Summen- und Strukurformeln<\/span><\/p>\n<p><span style=\"font-size: 12pt; font-family: arial, helvetica, sans-serif;\">-S\u00e4ure-Base- und Redoxreaktionen<\/span><\/p>\n<p><code>\u00a0<\/code><\/p>\n<p><span style=\"font-size: 12pt; font-family: arial, helvetica, sans-serif;\"><strong>Organische Chemie<\/strong><\/span><\/p>\n<p><span style=\"font-size: 12pt; font-family: arial, helvetica, sans-serif;\">-Kohlenwasserstoffe: Alkane, Alkene, Alkine,...<\/span><\/p>\n<p><span style=\"font-size: 12pt; font-family: arial, helvetica, sans-serif;\">-Alkohole, Alkanale (Aldehyde), Alkanone (Ketone)<\/span><\/p>\n<p><span style=\"font-size: 12pt; font-family: arial, helvetica, sans-serif;\">-Alkans\u00e4uren, Ester, Ether,...<\/span><\/p>\n<p><span style=\"font-family: arial, helvetica, sans-serif; font-size: 12pt;\">-Fette, Fetts\u00e4uren, Seifen \/ Tenside, ..<\/span><\/p>\n<p><span style=\"font-size: 12pt; font-family: arial, helvetica, sans-serif;\">-Aromaten, H\u00fcckelregel, Farbstoffe,...<\/span><\/p>\n<p><span style=\"font-size: 12pt; font-family: arial, helvetica, sans-serif;\">-Isomere, Chiralit\u00e4t,...<\/span><\/p>\n<p><span style=\"font-size: 12pt; font-family: arial, helvetica, sans-serif;\">-Kohlenhydrate (Zucker), St\u00e4rke, Cellulose, Aminos\u00e4uren, Proteine (Eiwei\u00dfe), DNS \/ DNA, RNS \/ RNA...<\/span><\/p>\n<p><code>\u00a0<\/code><\/p>\n<p><span style=\"font-size: 12pt; font-family: arial, helvetica, sans-serif;\"><strong>Physikalische Chemie<\/strong><\/span><\/p>\n<p><span style=\"font-size: 12pt; font-family: arial, helvetica, sans-serif;\">-Thermodynamik (W\u00e4rme, Enthalpie, Entropie, freie Enthalpie)<br \/>\n<\/span><\/p>\n<p><span style=\"font-size: 12pt; font-family: arial, helvetica, sans-serif;\">-Elektrochemie (Batterien und Akkus), Galvanisches Element (Zelle), Elektrolyse, Korrosion...<\/span><\/p>\n<p><span style=\"font-size: 12pt; font-family: arial, helvetica, sans-serif;\"><code>\u00a0<\/code><\/span><\/p>\n<p><span style=\"font-size: 12pt; font-family: arial, helvetica, sans-serif;\"><strong>Polymerchemie (Makromolekulare Chemie), Kunststoffe<br \/>\n<\/strong><\/span><\/p>\n<p><span style=\"font-size: 12pt; font-family: arial, helvetica, sans-serif;\">-Polymerisation, Polykondensation und Polyaddition<\/span><\/p>\n<p><span style=\"font-family: arial, helvetica, sans-serif; font-size: 12pt;\">-PE, PP, PET, PS, PVC, PU...<\/span><\/p>\n<p><span style=\"font-size: 12pt; font-family: arial, helvetica, sans-serif;\">-Thermoplaste, Elastomere, Duroplaste<\/span><\/p>\n<p><span style=\"font-family: arial, helvetica, sans-serif; font-size: 12pt;\">-Kautschuk, Vulkanisation,...<\/span><\/p>\n<p><span style=\"font-size: 12pt; font-family: arial, helvetica, sans-serif;\">-Biopolymere (siehe Organische Chemie)<\/span><\/p>\n<p><span style=\"font-size: 12pt; font-family: arial, helvetica, sans-serif;\"><code>\u00a0<\/code><\/span><\/p>\n<p><span style=\"font-size: 12pt; font-family: arial, helvetica, sans-serif;\">und viele mehr\u2026<\/span><\/p>\n<\/div><\/div>","protected":false},"excerpt":{"rendered":"<p>Allgemeine und anorganische Chemie -Aufbau des Periodenssystems (PSE) -Elementarteilchen (Proton, Elektron, Neutron,...), Bohrsches Atommodell und Orbitalmodell -st\u00f6chiometrische Berechungen, Stoffmenge, Masse, Konzentration, Dichte usw. -Aufstellen Reaktionsgleichungen, Summen- und Strukurformeln -S\u00e4ure-Base- und Redoxreaktionen \u00a0 Organische Chemie -Kohlenwasserstoffe: Alkane, Alkene, Alkine,... -Alkohole, Alkanale <a href=\"http:\/\/www.nachhilfe-bezner.de\/?page_id=80\" class=\"read-more\">Read More ...<\/a><\/p>\n","protected":false},"author":1,"featured_media":0,"parent":0,"menu_order":0,"comment_status":"closed","ping_status":"closed","template":"","meta":{"footnotes":""},"class_list":["post-80","page","type-page","status-publish","hentry"],"_links":{"self":[{"href":"http:\/\/www.nachhilfe-bezner.de\/index.php?rest_route=\/wp\/v2\/pages\/80","targetHints":{"allow":["GET"]}}],"collection":[{"href":"http:\/\/www.nachhilfe-bezner.de\/index.php?rest_route=\/wp\/v2\/pages"}],"about":[{"href":"http:\/\/www.nachhilfe-bezner.de\/index.php?rest_route=\/wp\/v2\/types\/page"}],"author":[{"embeddable":true,"href":"http:\/\/www.nachhilfe-bezner.de\/index.php?rest_route=\/wp\/v2\/users\/1"}],"replies":[{"embeddable":true,"href":"http:\/\/www.nachhilfe-bezner.de\/index.php?rest_route=%2Fwp%2Fv2%2Fcomments&post=80"}],"version-history":[{"count":40,"href":"http:\/\/www.nachhilfe-bezner.de\/index.php?rest_route=\/wp\/v2\/pages\/80\/revisions"}],"predecessor-version":[{"id":1180,"href":"http:\/\/www.nachhilfe-bezner.de\/index.php?rest_route=\/wp\/v2\/pages\/80\/revisions\/1180"}],"wp:attachment":[{"href":"http:\/\/www.nachhilfe-bezner.de\/index.php?rest_route=%2Fwp%2Fv2%2Fmedia&parent=80"}],"curies":[{"name":"wp","href":"https:\/\/api.w.org\/{rel}","templated":true}]}}