{"id":88,"date":"2016-07-30T12:30:59","date_gmt":"2016-07-30T12:30:59","guid":{"rendered":"http:\/\/nachhilfe-bezner.de\/?page_id=88"},"modified":"2023-02-17T12:02:57","modified_gmt":"2023-02-17T12:02:57","slug":"meine-person","status":"publish","type":"page","link":"http:\/\/www.nachhilfe-bezner.de\/?page_id=88","title":{"rendered":"Die Nachhilfelehrer"},"content":{"rendered":"<div id=\"dslc-theme-content\"><div id=\"dslc-theme-content-inner\"><p><span style=\"font-size: 14pt; font-family: arial, helvetica, sans-serif;\"><span style=\"color: #ff9900;\">Inhaber und Leiter:<\/span> Dr. rer. nat. Dipl.-Chem. Samuel Bezner (F\u00e4cher <span style=\"color: #ff9900;\">Mathematik, Physik und Chemie, NWT, NTG<span style=\"color: #000000;\">,<\/span><\/span> evtl. weitere je nach Stoff)<br \/>\n<\/span><\/p>\n<p><img loading=\"lazy\" decoding=\"async\" class=\"wp-image-41 alignleft\" src=\"http:\/\/nachhilfe-bezner.de\/wp-content\/uploads\/2016\/07\/Passbild-Bezner-200x300.jpg\" alt=\"Passbild Bezner\" width=\"144\" height=\"216\" srcset=\"http:\/\/www.nachhilfe-bezner.de\/wp-content\/uploads\/2016\/07\/Passbild-Bezner-200x300.jpg 200w, http:\/\/www.nachhilfe-bezner.de\/wp-content\/uploads\/2016\/07\/Passbild-Bezner-180x270.jpg 180w, http:\/\/www.nachhilfe-bezner.de\/wp-content\/uploads\/2016\/07\/Passbild-Bezner.jpg 472w\" sizes=\"auto, (max-width: 144px) 100vw, 144px\" \/><\/p>\n<div id=\"WRchTxtt-3k0\" class=\"s2\" data-reactid=\".0.$SITE_ROOT.$desktop_siteRoot.$PAGES_CONTAINER.1.1.$SITE_PAGES.$c1enr.1.$WRchTxtt-3k0\">\n<p class=\"font_8\" style=\"text-align: justify;\"><span style=\"font-size: 12pt;\">I<span style=\"font-family: arial, helvetica, sans-serif;\">ch bin Nachhilfe-erfahrener <span style=\"color: #ff9900;\">promovierter Chemiker<\/span> (Schwerpunkt Physikalische Chemie) und arbeite <strong>seit<\/strong> <strong>2011<\/strong> als <span style=\"color: #ff9900;\">Nachhilfelehrer \/ Dozent<\/span> im <strong>Nachwuchsbereich<\/strong> und in der <strong>Erwa<\/strong><strong>chsenenbildung<\/strong> in den unten genannten F\u00e4chern. Ich <span style=\"color: #ff9900;\">leite<\/span> dieses Institut und unterrichte dort selber schwerpunktsm\u00e4\u00dfig Mathematik, Physik und Chemie. Es bereitet mir Freude, mein <strong>Wissen<\/strong> und <strong>Begeisterung<\/strong> an die Sch\u00fcler\/Kunden weiterzugeben und sie so zu besseren Leistungen zu befl\u00fcgeln.<\/span><\/span><\/p>\n<p class=\"font_8\" style=\"text-align: justify;\"><span style=\"font-size: 12pt; font-family: arial, helvetica, sans-serif;\">Mein Nachhilfe-Institut arbeitet direkt f\u00fcr Sie, dadurch sind wir zeitlich, stofflich usw. <span style=\"color: #ff9900;\">flexibler<\/span> als bei anderen Instituten, da wir nicht an vorgegebene Strukturen gebunden sind und die Nachhilfe daher <span style=\"color: #ff9900;\">individueller<\/span> anbieten k\u00f6nnen.<\/span><\/p>\n<p class=\"font_7\" style=\"text-align: justify;\"><span style=\"font-size: 12pt; font-family: arial, helvetica, sans-serif;\">M<span class=\"color_19\">ir ist es ein gro\u00dfes Anliegen, dass der Stoff des jeweiligen Faches <span style=\"color: #ff9900;\">allgemeinverst\u00e4ndlich<\/span> und auf den jeweiligen Sch\u00fcler \/ Kunden zugeschnitten vermittelt wird. Es soll nicht nur \"trocken\" sein, sondern auch mit etwas <span style=\"color: #ff9900;\">Humor<\/span>, aber dennoch <span style=\"color: #ff9900;\">fachlich genau<\/span>. Daher gibt es bei uns normalerweise nur <strong>Einzel-Unterricht<\/strong>.<\/span><\/span><\/p>\n<p class=\"font_7\" style=\"text-align: center;\"><span style=\"color: #ff9900; font-size: 12pt; font-family: arial, helvetica, sans-serif;\"><span class=\"color_23\">Sch\u00fcler sollen wissen WARUM sie etwas lernen!<\/span><\/span><\/p>\n<p class=\"font_7\" style=\"text-align: justify;\"><span style=\"font-size: 12pt; font-family: arial, helvetica, sans-serif;\">Viele meiner Kunden verstehen im Unterricht \/ der Vorlesung nur Bahnhof. <span class=\"color_19\">Daher benutze ich u.a. viele <span style=\"color: #ff9900;\">Bilder<\/span> (Metaphern, Beispiel \"kommunistische Metalle\", siehe \"<a href=\"http:\/\/www.nachhilfe-bezner.de\/?page_id=13\">H\u00e4tten Sie es gewusst?<\/a>\"), damit der Inhalt besser zu verstehen ist. Zus\u00e4tzlich werden Merk- und \u00dcbersichtsbl\u00e4tter erstellt und gezielte \u00dcbungsaufgaben gemacht.<\/span><\/span><\/p>\n<p class=\"font_7\" style=\"text-align: justify;\"><span class=\"color_19\" style=\"font-size: 12pt; font-family: arial, helvetica, sans-serif;\">Mir ist es auch wichtig, <span style=\"color: #ff9900;\">weltanschaulich neutral<\/span> zu unterrichten. Bei kontroversen Themen (z.B. Energie durch Kernkraft, Klimaerw\u00e4rmung,...) sollen alle Sichtweisen beleuchtet werden.\u00a0 Der Sch\u00fcler \/ Kunde soll <strong>nicht<\/strong> meine Meinung \u00fcbernehmen, sondern die Chance haben, sich seine <span style=\"color: #ff9900;\">eigene Meinung<\/span> zu bilden.<\/span><\/p>\n<p class=\"font_7\" style=\"text-align: justify;\"><span style=\"font-size: 12pt; font-family: arial, helvetica, sans-serif;\"><span class=\"color_19\">Mein Wunsch und Ziel<\/span><span class=\"color_19\"> ist es, das <span style=\"color: #ff9900;\">Selbstbewusstsein<\/span>, Allgemein- und\u00a0 Fachwissen zu steigern. So dass das Fach -meist Frustfach- zumindest besser verstanden wird und vielleicht gar etwas Interesse daran aufkommt und Spa\u00df machen kann. Ich bin \u00fcberzeugt davon, dass dadurch dann auch <span style=\"color: #ff9900;\">bessere L<span style=\"font-family: arial, helvetica, sans-serif; font-size: 12pt;\">eistungen<\/span><\/span><span style=\"font-family: arial, helvetica, sans-serif; font-size: 12pt;\"> zustande kommen.<\/span><\/span><\/span><\/p>\n<\/div>\n<p style=\"text-align: justify;\">\n<\/div><\/div>","protected":false},"excerpt":{"rendered":"<p>Inhaber und Leiter: Dr. rer. nat. Dipl.-Chem. Samuel Bezner (F\u00e4cher Mathematik, Physik und Chemie, NWT, NTG, evtl. weitere je nach Stoff) Ich bin Nachhilfe-erfahrener promovierter Chemiker (Schwerpunkt Physikalische Chemie) und arbeite seit 2011 als Nachhilfelehrer \/ Dozent im Nachwuchsbereich und <a href=\"http:\/\/www.nachhilfe-bezner.de\/?page_id=88\" class=\"read-more\">Read More ...<\/a><\/p>\n","protected":false},"author":1,"featured_media":0,"parent":0,"menu_order":0,"comment_status":"closed","ping_status":"closed","template":"","meta":{"footnotes":""},"class_list":["post-88","page","type-page","status-publish","hentry"],"_links":{"self":[{"href":"http:\/\/www.nachhilfe-bezner.de\/index.php?rest_route=\/wp\/v2\/pages\/88","targetHints":{"allow":["GET"]}}],"collection":[{"href":"http:\/\/www.nachhilfe-bezner.de\/index.php?rest_route=\/wp\/v2\/pages"}],"about":[{"href":"http:\/\/www.nachhilfe-bezner.de\/index.php?rest_route=\/wp\/v2\/types\/page"}],"author":[{"embeddable":true,"href":"http:\/\/www.nachhilfe-bezner.de\/index.php?rest_route=\/wp\/v2\/users\/1"}],"replies":[{"embeddable":true,"href":"http:\/\/www.nachhilfe-bezner.de\/index.php?rest_route=%2Fwp%2Fv2%2Fcomments&post=88"}],"version-history":[{"count":54,"href":"http:\/\/www.nachhilfe-bezner.de\/index.php?rest_route=\/wp\/v2\/pages\/88\/revisions"}],"predecessor-version":[{"id":1225,"href":"http:\/\/www.nachhilfe-bezner.de\/index.php?rest_route=\/wp\/v2\/pages\/88\/revisions\/1225"}],"wp:attachment":[{"href":"http:\/\/www.nachhilfe-bezner.de\/index.php?rest_route=%2Fwp%2Fv2%2Fmedia&parent=88"}],"curies":[{"name":"wp","href":"https:\/\/api.w.org\/{rel}","templated":true}]}}